{"id":67,"date":"2019-10-21T19:02:08","date_gmt":"2019-10-21T19:02:08","guid":{"rendered":"http:\/\/schmaehingen.info\/?page_id=67"},"modified":"2026-04-14T08:57:26","modified_gmt":"2026-04-14T08:57:26","slug":"buergerzentrum-alte-schule","status":"publish","type":"page","link":"https:\/\/schmaehingen.info\/?page_id=67","title":{"rendered":"Dorf &#8211; &#8222;Alte Schule&#8220;"},"content":{"rendered":"<div class=\"wp-block-image is-style-rounded\">\n<figure class=\"aligncenter size-large is-resized\"><img loading=\"lazy\" decoding=\"async\" width=\"1024\" height=\"1024\" src=\"https:\/\/schmaehingen.info\/wp-content\/uploads\/2021\/02\/2020-10-18-07.57.41-1024x1024.jpg\" alt=\"\" class=\"wp-image-968\" style=\"width:237px;height:auto\" srcset=\"https:\/\/schmaehingen.info\/wp-content\/uploads\/2021\/02\/2020-10-18-07.57.41-1024x1024.jpg 1024w, https:\/\/schmaehingen.info\/wp-content\/uploads\/2021\/02\/2020-10-18-07.57.41-300x300.jpg 300w, https:\/\/schmaehingen.info\/wp-content\/uploads\/2021\/02\/2020-10-18-07.57.41-150x150.jpg 150w, https:\/\/schmaehingen.info\/wp-content\/uploads\/2021\/02\/2020-10-18-07.57.41-768x768.jpg 768w, https:\/\/schmaehingen.info\/wp-content\/uploads\/2021\/02\/2020-10-18-07.57.41-1536x1536.jpg 1536w, https:\/\/schmaehingen.info\/wp-content\/uploads\/2021\/02\/2020-10-18-07.57.41-2048x2048.jpg 2048w, https:\/\/schmaehingen.info\/wp-content\/uploads\/2021\/02\/2020-10-18-07.57.41-100x100.jpg 100w\" sizes=\"auto, (max-width: 767px) 89vw, (max-width: 1000px) 54vw, (max-width: 1071px) 543px, 580px\" \/><\/figure><\/div>\n\n\n<hr class=\"wp-block-separator has-alpha-channel-opacity\"\/>\n\n\n<p style=\"text-align: center;\"><strong>F\u00fcr Bildergallerie Bild unten anklicken!<\/strong><\/p>\n\n\n<div style=\"height:15px\" aria-hidden=\"true\" class=\"wp-block-spacer\"><\/div>\n\n\n\nngg_shortcode_0_placeholder\n\n\n<div class=\"wp-block-image\">\n<figure class=\"aligncenter size-full is-resized\"><a href=\"https:\/\/www.schmaehingen.info\/dorf\/schmaehingen_feiert_nicht.pdf\" target=\"_blank\" rel=\" noreferrer noopener\"><img loading=\"lazy\" decoding=\"async\" width=\"675\" height=\"637\" src=\"https:\/\/schmaehingen.info\/wp-content\/uploads\/2025\/04\/feiert_kein_fest.jpg\" alt=\"\" class=\"wp-image-2028\" style=\"width:368px;height:auto\" srcset=\"https:\/\/schmaehingen.info\/wp-content\/uploads\/2025\/04\/feiert_kein_fest.jpg 675w, https:\/\/schmaehingen.info\/wp-content\/uploads\/2025\/04\/feiert_kein_fest-300x283.jpg 300w\" sizes=\"auto, (max-width: 675px) 100vw, 675px\" \/><\/a><figcaption class=\"wp-element-caption\"><a href=\"https:\/\/www.schmaehingen.info\/dorf\/schmaehingen_feiert_nicht.pdf\" target=\"_blank\" rel=\"noreferrer noopener\">Festschrift mit reichlich Schm\u00e4hinger Info &#8211; hierf\u00fcr allen Respekt und Dank an Wilhelm Imrich, Werner Deixler und Rudolf R\u00f6sch<\/a><\/figcaption><\/figure><\/div>\n\n\n<p><\/p>\n","protected":false},"excerpt":{"rendered":"<p>F\u00fcr Bildergallerie Bild unten anklicken!<\/p>\n","protected":false},"author":1,"featured_media":0,"parent":0,"menu_order":0,"comment_status":"closed","ping_status":"closed","template":"","meta":{"ngg_post_thumbnail":0,"footnotes":""},"class_list":["post-67","page","type-page","status-publish","hentry"],"_links":{"self":[{"href":"https:\/\/schmaehingen.info\/index.php?rest_route=\/wp\/v2\/pages\/67","targetHints":{"allow":["GET"]}}],"collection":[{"href":"https:\/\/schmaehingen.info\/index.php?rest_route=\/wp\/v2\/pages"}],"about":[{"href":"https:\/\/schmaehingen.info\/index.php?rest_route=\/wp\/v2\/types\/page"}],"author":[{"embeddable":true,"href":"https:\/\/schmaehingen.info\/index.php?rest_route=\/wp\/v2\/users\/1"}],"replies":[{"embeddable":true,"href":"https:\/\/schmaehingen.info\/index.php?rest_route=%2Fwp%2Fv2%2Fcomments&post=67"}],"version-history":[{"count":47,"href":"https:\/\/schmaehingen.info\/index.php?rest_route=\/wp\/v2\/pages\/67\/revisions"}],"predecessor-version":[{"id":2128,"href":"https:\/\/schmaehingen.info\/index.php?rest_route=\/wp\/v2\/pages\/67\/revisions\/2128"}],"wp:attachment":[{"href":"https:\/\/schmaehingen.info\/index.php?rest_route=%2Fwp%2Fv2%2Fmedia&parent=67"}],"curies":[{"name":"wp","href":"https:\/\/api.w.org\/{rel}","templated":true}]}}