{"id":40,"date":"2019-10-21T18:37:12","date_gmt":"2019-10-21T18:37:12","guid":{"rendered":"http:\/\/schmaehingen.info\/?page_id=40"},"modified":"2025-06-29T13:24:25","modified_gmt":"2025-06-29T13:24:25","slug":"home","status":"publish","type":"page","link":"https:\/\/schmaehingen.info\/","title":{"rendered":"Startseite"},"content":{"rendered":"\n<div style=\"height:16px\" aria-hidden=\"true\" class=\"wp-block-spacer\"><\/div>\n\n\n\n<h1 class=\"wp-block-heading has-text-align-center\"><strong>Herzlich&nbsp;&nbsp;willkommen in Schm\u00e4hingen<\/strong><\/h1>\n\n\n\n<p class=\"has-text-align-center\">dem sch\u00f6n(st)en N\u00f6rdlinger Stadteil am s\u00fcdlichen Riesrand &#8211; <strong>Einwohner:&nbsp;<\/strong>358 (Stand: 03.01.2023)<\/p>\n\n\n<div class=\"wp-block-image\">\n<figure class=\"aligncenter size-full\"><img loading=\"lazy\" decoding=\"async\" width=\"206\" height=\"283\" src=\"http:\/\/schmaehingen.info\/wp-content\/uploads\/2024\/01\/SchaehingerWappen.jpg\" alt=\"\" class=\"wp-image-1694\"\/><\/figure><\/div>\n\n\n<p class=\"has-text-align-center\"><strong>Eingemeindung<\/strong>&nbsp;am 1. Januar 1978<\/p>\n\n\n\n<p class=\"has-text-align-center\"><strong>Ortssprecher<\/strong> ist Werner Deixler; Schm\u00e4hingen, Am Feldtor 15,&nbsp;86720 N\u00f6rdlingen,<br>Mail:&nbsp;<a href=\"mailto:deixler.werner@noerdlingen.de\">deixler.werner@noerdlingen.de<\/a><\/p>\n\n\n\n<hr class=\"wp-block-separator has-alpha-channel-opacity\"\/>\n\n\n<p style=\"text-align: center;\"><strong>F\u00fcr Bildergallerie Bild unten anklicken!<\/strong><\/p>\n\n\nngg_shortcode_0_placeholder\n","protected":false},"excerpt":{"rendered":"<p>Herzlich&nbsp;&nbsp;willkommen in Schm\u00e4hingen dem sch\u00f6n(st)en N\u00f6rdlinger Stadteil am s\u00fcdlichen Riesrand &#8211; Einwohner:&nbsp;358 (Stand: 03.01.2023) Eingemeindung&nbsp;am 1. Januar 1978 Ortssprecher ist Werner Deixler; Schm\u00e4hingen, Am Feldtor 15,&nbsp;86720 N\u00f6rdlingen,Mail:&nbsp;deixler.werner@noerdlingen.de F\u00fcr Bildergallerie Bild unten anklicken!<\/p>\n","protected":false},"author":1,"featured_media":0,"parent":0,"menu_order":0,"comment_status":"closed","ping_status":"closed","template":"","meta":{"ngg_post_thumbnail":0,"footnotes":""},"class_list":["post-40","page","type-page","status-publish","hentry"],"_links":{"self":[{"href":"https:\/\/schmaehingen.info\/index.php?rest_route=\/wp\/v2\/pages\/40","targetHints":{"allow":["GET"]}}],"collection":[{"href":"https:\/\/schmaehingen.info\/index.php?rest_route=\/wp\/v2\/pages"}],"about":[{"href":"https:\/\/schmaehingen.info\/index.php?rest_route=\/wp\/v2\/types\/page"}],"author":[{"embeddable":true,"href":"https:\/\/schmaehingen.info\/index.php?rest_route=\/wp\/v2\/users\/1"}],"replies":[{"embeddable":true,"href":"https:\/\/schmaehingen.info\/index.php?rest_route=%2Fwp%2Fv2%2Fcomments&post=40"}],"version-history":[{"count":228,"href":"https:\/\/schmaehingen.info\/index.php?rest_route=\/wp\/v2\/pages\/40\/revisions"}],"predecessor-version":[{"id":2171,"href":"https:\/\/schmaehingen.info\/index.php?rest_route=\/wp\/v2\/pages\/40\/revisions\/2171"}],"wp:attachment":[{"href":"https:\/\/schmaehingen.info\/index.php?rest_route=%2Fwp%2Fv2%2Fmedia&parent=40"}],"curies":[{"name":"wp","href":"https:\/\/api.w.org\/{rel}","templated":true}]}}