{"id":1939,"date":"2025-04-20T19:21:02","date_gmt":"2025-04-20T19:21:02","guid":{"rendered":"https:\/\/schmaehingen.info\/?page_id=1939"},"modified":"2025-05-11T14:49:42","modified_gmt":"2025-05-11T14:49:42","slug":"ogv-geschichte","status":"publish","type":"page","link":"https:\/\/schmaehingen.info\/?page_id=1939","title":{"rendered":"OGV Geschichte"},"content":{"rendered":"<div class=\"wp-block-image\">\n<figure class=\"alignright size-full\"><img loading=\"lazy\" decoding=\"async\" width=\"119\" height=\"162\" src=\"https:\/\/schmaehingen.info\/wp-content\/uploads\/2025\/04\/sponsel.jpg\" alt=\"\" class=\"wp-image-1948\"\/><\/figure><\/div>\n\n\n<p>\u00bbSchm\u00e4hingen, den 13. Februar 1910, heute nachmittags 3 Uhr fand in der hiesigen Gastwirtschaft eine Obstbau-Versammlung statt, bei welcher sogleich ein Obstbau-<br>Verein gegr\u00fcndet wurde. Dem Verein sind 23 Mitglieder beigetreten und werden die Namen derselben wie folgt aufgef\u00fchrt \u2026\u00ab<\/p>\n\n\n\n<p><br>Mit diesen Worten wird das Protokollbuch des Obstbauvereins Schm\u00e4hingen eingeleitet. 1. Vorstand wurde Johann Deixler, zu seinem Stellvertreter w\u00e4hlte man Kaspar Deizer.<br>Allerdings kam der Schm\u00e4hinger Obstbauverein ganz offensichtlich nicht so recht in Schwung. Es ging damals um die Weiterf\u00fchrung des Vereins, wie das Protokollbuch ausdr\u00fccklich festhielt. Herr Bezirksvorstand, Hauptlehrer Kornmann aus Appetshofen,<br>hielt eine Grundsatzrede zum Nutzen und Wert der Obstbauvereine. Die Rede hatte ganz offensichtlich Erfolg: nur wenige Wochen nach dieser Vereinssitzung brach der 1. Weltkrieg aus.<\/p>\n\n\n\n<p>Von einem geregelten Vereinsleben konnte schon bald keine Rede mehr sein. Folgerichtig datiert der n\u00e4chste Eintrag im Protokollbuch des Schm\u00e4hinger Obstbauvereins erst wieder vom 19. Januar 1923 und betraf die \u00bbWiedergr\u00fcndung\u00ab des Obstbauvereins. Der Verein hatte ganz offensichtlich die Jahre des 1. Weltkriegs 1914 bis 1918 nicht \u00fcberdauert.<br>Als 1923 der bereits genannte Eintrag im Protokollbuch erfolgte, war die sog. Weimarer Republik bereits vier Jahre alt. Im Protokollbuch ist damals lediglich von dem \u00bbehemals bestehenden Obstbauverein\u00ab die Rede. Um den Verein wieder zum Leben zu erwecken,<br>musste man also Neuwahlen durchf\u00fchren. Zu der am 19. Januar 1923 in das Gasthaus Wurm einberufenen Versammlung kam \u00bbeine ziemliche Anzahl von Obstbauinteressenten\u00ab, wie der Protokollf\u00fchrer so sch\u00f6n formulierte. Zum 1. Vorsitzenden wurde damals einstimmig Jakob Beck gew\u00e4hlt. Erfreulich war auch, dass bald nach der Versammlung acht Mitglieder nachtr\u00e4glich beigetreten sind.<\/p>\n\n\n\n<p>Nun aber ging es aufw\u00e4rts mit dem Verein. In den folgenden Jahren bem\u00fchte man sich, jeweils eine Fr\u00fchjahrs- und eine Herbstversammlung abzuhalten. Und deutlich wird auch das Bem\u00fchen des Vorstandes, zu diesen Versammlungen immer wieder Referenten zu<br>Vortr\u00e4gen nach Schm\u00e4hingen zu holen oder Sammelbestellungen von B\u00e4umen und Str\u00e4uchern zu organisieren.<\/p>\n\n\n\n<p>Eine Neuerung besonderer Art besch\u00e4ftigte die Fr\u00fchjahrsversammlung im Februar 1931. Hauptlehrer Hederer aus H\u00fcrnheim hielt ein Referat zum Thema \u00bbEindosungsapparat\u00ab. Diese Revolution im Haushalt war den Schm\u00e4hingern damals noch suspekt. In der Versammlung am 1. M\u00e4rz 1933 war man in der Frage \u00bbEindosungsapparat\u00ab ein gutes St\u00fcck weiter. \u00bbDie Vorstandschaft beschlo\u00df \u2013 gewitzigt durch fr\u00fchere ablehnende Abstimmungen \u2013 ohne eine solche die Eindosungsmaschine und entsprechend viele Dosen auf eigenes<br>Risiko zu bestellen.\u00ab<\/p>\n\n\n\n<p>So kam es, dass auch in Schm\u00e4hingen der hauswirtschaftlich- technische Fortschritt bei aller anf\u00e4nglichenSkepsis, ja Ablehnung, doch noch Einzug halten konnte.<\/p>\n\n\n\n<p>Die Jahre 1933 bis 1945 sollten unter dem Namen \u00bbDrittes Reich\u00ab zum dunkelsten Kapitel deutscher Geschichte werden. Bekanntlich wurden ja im Zuge der nationalsozialistischen Gleichmacherei auch die Vereine \u00bbgleichgeschaltet\u00ab. 1939, also im Jahr des Ausbruchs des 2. Weltkrieges, enden jedoch die Eintr\u00e4ge. Die Eintr\u00e4ge setzen erst wieder ein im Jahre<br>1948.<\/p>\n\n\n\n<p>Am 11. Februar 1948 fand demnach die erste Nachkriegsversammlung des Vereins stattund tags darauf lud man schon zu einem Vortrag mit Bezirksg\u00e4rtner B\u00f6sel in die Hubelsche Gastwirtschaft ein. Vorstand war immer noch Kaspar Deizer. Die 1950er Jahre verliefen ohne gravierende Vorkommnisse. In der Regel wurde beim Obstbauverein eine Versammlung pro Jahr abgehalten.<\/p>\n\n\n\n<p>1960 dann das gro\u00dfe Jubil\u00e4um: Der Verein, der sich nun \u00bbObst- und Gartenbauverein\u00ab nannte, konnte auf 50 Jahre seines Bestehens zur\u00fcckblicken. Das Jubil\u00e4um wurde am 29. Mai ab 16 Uhr im blumengeschm\u00fcckten oberen Saal der Gastwirtschaft geb\u00fchrend gefeiert.<\/p>\n\n\n\n<p>Die Protokolleintr\u00e4ge der 1960er und 1970er Jahre sehen auf den ersten Blick sehr gleichf\u00f6rmig aus. Dennoch wird eines ganz deutlich: Die Themen \u00bbDorfversch\u00f6nerung\u00ab und \u00bbBlumenschmuckwettbewerbe \u00ab standen verst\u00e4rkt auf dem Programm der Jahresversammlungen. In den 1980er Jahren war Kreisfachberater Diethei aus Reimlingen immer wieder gern gesehener Gast in der Nachbargemeinde Schm\u00e4hingen. 1985 war es dann wieder so weit: Der \u00bbVerein f\u00fcr Gartenbau und Landschaftspflege Schm\u00e4hingen\u00ab \u2013 so hie\u00df jetzt seit 1981 der fr\u00fchere Obstbauverein \u2013 konnte das 75-j\u00e4hrige Jubil\u00e4um begehen. Der 1. Vorsitzende Andreas Hubel begr\u00fc\u00dfte in der Jahresversammlung am 12. M\u00e4rz 1985 Oberb\u00fcrgermeister Paul Kling, au\u00dferdem Stadtg\u00e4rtner i.R. Herrn Hager, Ortssprecher Johann Wiedemann sowie Pfarrer Peter Leeder.<\/p>\n\n\n\n<p>Schm\u00e4hingen aber hatte noch einen weiteren Grund zum Feiern, hatte das Dorf doch erfolgreich am Wettbewerb \u00bbDie baumfreundliche Gemeinde\u00ab des Bayerischen Landesverbandes f\u00fcr Gartenbau und Landschaftspflege teilgenommen und den 3. Platz belegt.<\/p>\n\n\n\n<p>1986 Ehrenvorsitzender Georg Benninger, M\u00fchlbachstra\u00dfe 10, wird vom Vorsitzenden des Kreisverbandes, Helmut Guckert, mit der Ehrennadel in Gold ausgezeichnet. Die Vereinsaktivit\u00e4ten nahmen deutlich zu, man organisierte Ausfl\u00fcge, lud Referenten zu Diavortr\u00e4gen ein, informierte sich \u00fcber Landschaftsschutz und Fragen des Naturschutzes.<br>In Schm\u00e4hingen plante man, sozusagen als Nachklang zum 75-j\u00e4hrigen Jubil\u00e4um im Jahre 1985, am 13. September 1986 einen Blumenball zu veranstalten.<\/p>\n\n\n\n<p>Im Folgenden blicken wir nun in die 1990er Jahre. Die Beteiligung an der Donau-Ries-Ausstellung war damals schon ein fester Programmpunkt in der Vereinsaktivit\u00e4t, ebenso wurde die Teilnahme am Historischen Stadtmauerfest in N\u00f6rdlingen beschlossen. Bleiben wir noch in den 1990er Jahren. In der Jahresversammlung am 2. Februar 1995 stellte der langj\u00e4hrige Schriftf\u00fchrer Friedrich W\u00fcst fest, dass der Obst- und Gartenbauverein einer der \u00e4ltesten Schm\u00e4hinger Vereine ist und dass zwischen 1954 und 1984 ein und dieselbe Vorstandschaft aktiv gewesen war.<br>Bei der Schm\u00e4hinger Festwoche vom 24. bis 28. Mai des Jahres 1995 anl\u00e4sslich des Jubil\u00e4ums von drei \u00f6rtlichen Vereinen \u00fcbernahm der Obst- und Gartenbauverein die folgenden Aufgaben: Schm\u00fccken der vier Ortseing\u00e4nge sowie der B\u00fchne im Festzelt, aber auch der Ehrentrib\u00fcne. Die Anfertigung eines \u00bbSchnakenmodells\u00ab zur Erinnerung an den legend\u00e4ren \u00bbBrand\u00ab der Kirche stand ebenso auf dem Programm wie ein Festwagen mit Ziegengespann und ein Wagen mit Kindergartenkindern und schlie\u00dflich eine Erntekrone.<\/p>\n\n\n\n<p>1997 wurde erstmals am 22. Juni dieses Jahres ein Ernte-Bittgottesdienst durchgef\u00fchrt. In der Jahresversammlung am 26. Januar 2001 konnte festgestellt werden, dass derzeit die \u00bbAlte Schule\u00ab von der Stadt N\u00f6rdlingen mit der Eigenleistung vieler Vereine umgebaut wurde. Der Obst- und Gartenbauverein erhielt dann zusammen mit dem Krieger- und Soldatenverein einen Raum im 1. Stock des Geb\u00e4udes, um hier in einem Schrank die Vereinsutensilien unterbringen zu k\u00f6nnen.<\/p>\n\n\n\n<p>Das neue Jahrtausend begann so wie das alte aufgeh\u00f6rt hatte: mit zahlreichen Aktivit\u00e4ten, Ausfl\u00fcgen, Vortr\u00e4gen, Fortbildungen und Teilnahmen an verschiedenen Festen. Der Mitgliederstand war nun auf 50 angestiegen. Der Verein war also ger\u00fcstet f\u00fcr das n\u00e4chste Gro\u00dfereignis: das Dorffest \u00bb850 Jahre Schm\u00e4hingen\u00ab vom 29. Mai bis 1. Juni 2003, nat\u00fcrlich unter Beteiligung des Obst- und Gartenbauvereins.<\/p>\n\n\n\n<p>Im gleichen Jahr folgten Neuwahlen! Andreas Hubel wollte nun nach 26 Jahren Mitgliedschaft und 21 Jahren als 1. Vorsitzender zur\u00fccktreten. Das Ergebnis der Neuwahlen: 1. Vorsitzender: Gerhard Oswald, 2. Vorsitzende Michaela Schr\u00f6ppel. F\u00fcr den ausscheidenden 1. Vorsitzenden Andreas Hubel gab es an diesem Abend aber noch eine zus\u00e4tzliche \u00dcberraschung. V\u00f6llig unvermutet erschien der Kreisverbandvorsitzende Helmut Guckert und \u00fcberreichte ihm die Ehrennadel in Silber. Der neue 1. Vorsitzende Gerhard Oswald konnte einen intakten Verein \u00fcbernehmen mit einer ansehnlichen Mitgliederzahl,<br>einer soliden finanziellen Basis sowie vielf\u00e4ltigen Aktivit\u00e4ten. Neu hinzugekommen waren die Sonnwendfeier, ein Erlebnisferientag und die Waldweihnacht. Wir haben nun versucht, die Geschichte des Schm\u00e4hinger Obstbauvereins in groben Z\u00fcgen nachzuzeichnen. Vielleicht ist deutlich geworden, dass die Vereinsgeschichte auf interessante Weise die<br>allgemeine Geschichte widerspiegelt immer im Zusammenhang mit den allgemeinen Entwicklungen steht.<\/p>\n\n\n\n<p class=\"has-text-align-right\"><br>Festvortrag von Dr. Wilfried Sponsel<br>anl\u00e4sslich des 100j\u00e4hrigen Bestehens im<br>Jahre 2010 im Schm\u00e4hinger Lagerhaus,<br>bearbeitet von Werner Deixler<\/p>\n\n\n\n<p><a href=\"https:\/\/www.schmaehingen.info\/vereine\/schmaehingen_feiert.pdf\" target=\"_blank\" rel=\"noreferrer noopener\">(aus der Festschrift 2020 &#8211; &#8222;Sch\u00e4hingen feiert kein Fest&#8220;)<\/a><\/p>\n\n\n\n<div style=\"height:23px\" aria-hidden=\"true\" class=\"wp-block-spacer\"><\/div>\n\n\n\n<p class=\"has-text-align-center\"><a href=\"https:\/\/schmaehingen.info\/?page_id=1787\">www.ogv.schmaehingen.de<\/a><\/p>\n\n\n\n<p><\/p>\n","protected":false},"excerpt":{"rendered":"<p>\u00bbSchm\u00e4hingen, den 13. Februar 1910, heute nachmittags 3 Uhr fand in der hiesigen Gastwirtschaft eine Obstbau-Versammlung statt, bei welcher sogleich ein Obstbau-Verein gegr\u00fcndet wurde. Dem Verein sind 23 Mitglieder beigetreten und werden die Namen derselben wie folgt aufgef\u00fchrt \u2026\u00ab Mit diesen Worten wird das Protokollbuch des Obstbauvereins Schm\u00e4hingen eingeleitet. 1. Vorstand wurde Johann Deixler, zu &hellip; <\/p>\n<p class=\"link-more\"><a href=\"https:\/\/schmaehingen.info\/?page_id=1939\" class=\"more-link\"><span class=\"screen-reader-text\">\u201eOGV Geschichte\u201c<\/span> weiterlesen<\/a><\/p>\n","protected":false},"author":1,"featured_media":0,"parent":0,"menu_order":0,"comment_status":"closed","ping_status":"closed","template":"","meta":{"ngg_post_thumbnail":0,"footnotes":""},"class_list":["post-1939","page","type-page","status-publish","hentry"],"_links":{"self":[{"href":"https:\/\/schmaehingen.info\/index.php?rest_route=\/wp\/v2\/pages\/1939","targetHints":{"allow":["GET"]}}],"collection":[{"href":"https:\/\/schmaehingen.info\/index.php?rest_route=\/wp\/v2\/pages"}],"about":[{"href":"https:\/\/schmaehingen.info\/index.php?rest_route=\/wp\/v2\/types\/page"}],"author":[{"embeddable":true,"href":"https:\/\/schmaehingen.info\/index.php?rest_route=\/wp\/v2\/users\/1"}],"replies":[{"embeddable":true,"href":"https:\/\/schmaehingen.info\/index.php?rest_route=%2Fwp%2Fv2%2Fcomments&post=1939"}],"version-history":[{"count":14,"href":"https:\/\/schmaehingen.info\/index.php?rest_route=\/wp\/v2\/pages\/1939\/revisions"}],"predecessor-version":[{"id":2138,"href":"https:\/\/schmaehingen.info\/index.php?rest_route=\/wp\/v2\/pages\/1939\/revisions\/2138"}],"wp:attachment":[{"href":"https:\/\/schmaehingen.info\/index.php?rest_route=%2Fwp%2Fv2%2Fmedia&parent=1939"}],"curies":[{"name":"wp","href":"https:\/\/api.w.org\/{rel}","templated":true}]}}