{"id":1784,"date":"2024-02-11T18:29:34","date_gmt":"2024-02-11T18:29:34","guid":{"rendered":"https:\/\/schmaehingen.info\/?page_id=1784"},"modified":"2025-06-29T13:29:11","modified_gmt":"2025-06-29T13:29:11","slug":"feuerwehr-schmaehingen","status":"publish","type":"page","link":"https:\/\/schmaehingen.info\/?page_id=1784","title":{"rendered":"Feuerwehr Schm\u00e4hingen"},"content":{"rendered":"<div class=\"wp-block-image\">\n<figure class=\"aligncenter size-large is-resized\"><a href=\"https:\/\/www.schmaehingen.info\/feuerwehr\/programm.pdf\"><img loading=\"lazy\" decoding=\"async\" width=\"1024\" height=\"1024\" src=\"http:\/\/schmaehingen.info\/wp-content\/uploads\/2024\/07\/aufkleber-1024x1024.png\" alt=\"\" class=\"wp-image-1847\" style=\"width:170px;height:auto\" srcset=\"https:\/\/schmaehingen.info\/wp-content\/uploads\/2024\/07\/aufkleber-1024x1024.png 1024w, https:\/\/schmaehingen.info\/wp-content\/uploads\/2024\/07\/aufkleber-300x300.png 300w, https:\/\/schmaehingen.info\/wp-content\/uploads\/2024\/07\/aufkleber-150x150.png 150w, https:\/\/schmaehingen.info\/wp-content\/uploads\/2024\/07\/aufkleber-768x768.png 768w, https:\/\/schmaehingen.info\/wp-content\/uploads\/2024\/07\/aufkleber-100x100.png 100w, https:\/\/schmaehingen.info\/wp-content\/uploads\/2024\/07\/aufkleber.png 1181w\" sizes=\"auto, (max-width: 767px) 89vw, (max-width: 1000px) 54vw, (max-width: 1071px) 543px, 580px\" \/><\/a><\/figure><\/div>\n\n\n<h2 class=\"wp-block-heading has-text-align-center\">Herzlichen Dank an alle Mitwirkenden und G\u00e4ste die dises Fest so gro\u00dfartig gemacht haben!<\/h2>\n\n\n\n<h2 class=\"wp-block-heading has-text-align-center\"><strong><a href=\"https:\/\/www.schmaehingen.info\/feuerwehr\/programm.pdf\"><mark style=\"background-color:rgba(0, 0, 0, 0)\" class=\"has-inline-color has-vivid-red-color\">Festprogramm<\/mark><\/a><\/strong><\/h2>\n\n\n\n<div style=\"height:9px\" aria-hidden=\"true\" class=\"wp-block-spacer\"><\/div>\n\n\n<div class=\"wp-block-image\">\n<figure class=\"aligncenter size-full is-resized\"><img loading=\"lazy\" decoding=\"async\" width=\"878\" height=\"671\" src=\"https:\/\/schmaehingen.info\/wp-content\/uploads\/2025\/04\/festdamen.jpg\" alt=\"\" class=\"wp-image-2056\" style=\"width:588px;height:auto\" srcset=\"https:\/\/schmaehingen.info\/wp-content\/uploads\/2025\/04\/festdamen.jpg 878w, https:\/\/schmaehingen.info\/wp-content\/uploads\/2025\/04\/festdamen-300x229.jpg 300w, https:\/\/schmaehingen.info\/wp-content\/uploads\/2025\/04\/festdamen-768x587.jpg 768w\" sizes=\"auto, (max-width: 767px) 89vw, (max-width: 1000px) 54vw, (max-width: 1071px) 543px, 580px\" \/><\/figure><\/div>\n\n<div class=\"wp-block-image\">\n<figure class=\"aligncenter size-large is-resized\"><img loading=\"lazy\" decoding=\"async\" width=\"1024\" height=\"1024\" src=\"https:\/\/schmaehingen.info\/wp-content\/uploads\/2025\/04\/ffw_vorstand-1024x1024.jpg\" alt=\"\" class=\"wp-image-1996\" style=\"width:389px;height:auto\" srcset=\"https:\/\/schmaehingen.info\/wp-content\/uploads\/2025\/04\/ffw_vorstand-1024x1024.jpg 1024w, https:\/\/schmaehingen.info\/wp-content\/uploads\/2025\/04\/ffw_vorstand-300x300.jpg 300w, https:\/\/schmaehingen.info\/wp-content\/uploads\/2025\/04\/ffw_vorstand-150x150.jpg 150w, https:\/\/schmaehingen.info\/wp-content\/uploads\/2025\/04\/ffw_vorstand-768x768.jpg 768w, https:\/\/schmaehingen.info\/wp-content\/uploads\/2025\/04\/ffw_vorstand-1536x1536.jpg 1536w, https:\/\/schmaehingen.info\/wp-content\/uploads\/2025\/04\/ffw_vorstand-2048x2048.jpg 2048w, https:\/\/schmaehingen.info\/wp-content\/uploads\/2025\/04\/ffw_vorstand-100x100.jpg 100w\" sizes=\"auto, (max-width: 767px) 89vw, (max-width: 1000px) 54vw, (max-width: 1071px) 543px, 580px\" \/><\/figure><\/div>\n\n\n<p><strong>Vorstand: <\/strong> Bemjamin Hopf(Beisitzer), Tobias Pflanz (Kasierer), G\u00fcnter Endress (1. Vorstand), Martin B\u00f6llmann (2. Vorstand), Marco Deffner (Schriftf\u00fchrer), Dieter B\u00f6llmann (Beisitzer), Thomas Pfeifer (Beisitzer)<\/p>\n\n\n\n<figure class=\"wp-block-image size-full\"><img loading=\"lazy\" decoding=\"async\" width=\"817\" height=\"512\" src=\"https:\/\/schmaehingen.info\/wp-content\/uploads\/2025\/04\/ffw_alle.jpg\" alt=\"\" class=\"wp-image-2058\" srcset=\"https:\/\/schmaehingen.info\/wp-content\/uploads\/2025\/04\/ffw_alle.jpg 817w, https:\/\/schmaehingen.info\/wp-content\/uploads\/2025\/04\/ffw_alle-300x188.jpg 300w, https:\/\/schmaehingen.info\/wp-content\/uploads\/2025\/04\/ffw_alle-768x481.jpg 768w\" sizes=\"auto, (max-width: 767px) 89vw, (max-width: 1000px) 54vw, (max-width: 1071px) 543px, 580px\" \/><\/figure>\n\n\n\n<p><\/p>\n","protected":false},"excerpt":{"rendered":"<p>Herzlichen Dank an alle Mitwirkenden und G\u00e4ste die dises Fest so gro\u00dfartig gemacht haben! Festprogramm Vorstand: Bemjamin Hopf(Beisitzer), Tobias Pflanz (Kasierer), G\u00fcnter Endress (1. Vorstand), Martin B\u00f6llmann (2. Vorstand), Marco Deffner (Schriftf\u00fchrer), Dieter B\u00f6llmann (Beisitzer), Thomas Pfeifer (Beisitzer)<\/p>\n","protected":false},"author":1,"featured_media":0,"parent":0,"menu_order":0,"comment_status":"closed","ping_status":"closed","template":"","meta":{"ngg_post_thumbnail":0,"footnotes":""},"class_list":["post-1784","page","type-page","status-publish","hentry"],"_links":{"self":[{"href":"https:\/\/schmaehingen.info\/index.php?rest_route=\/wp\/v2\/pages\/1784","targetHints":{"allow":["GET"]}}],"collection":[{"href":"https:\/\/schmaehingen.info\/index.php?rest_route=\/wp\/v2\/pages"}],"about":[{"href":"https:\/\/schmaehingen.info\/index.php?rest_route=\/wp\/v2\/types\/page"}],"author":[{"embeddable":true,"href":"https:\/\/schmaehingen.info\/index.php?rest_route=\/wp\/v2\/users\/1"}],"replies":[{"embeddable":true,"href":"https:\/\/schmaehingen.info\/index.php?rest_route=%2Fwp%2Fv2%2Fcomments&post=1784"}],"version-history":[{"count":33,"href":"https:\/\/schmaehingen.info\/index.php?rest_route=\/wp\/v2\/pages\/1784\/revisions"}],"predecessor-version":[{"id":2175,"href":"https:\/\/schmaehingen.info\/index.php?rest_route=\/wp\/v2\/pages\/1784\/revisions\/2175"}],"wp:attachment":[{"href":"https:\/\/schmaehingen.info\/index.php?rest_route=%2Fwp%2Fv2%2Fmedia&parent=1784"}],"curies":[{"name":"wp","href":"https:\/\/api.w.org\/{rel}","templated":true}]}}