{"id":1383,"date":"2022-10-16T10:25:52","date_gmt":"2022-10-16T10:25:52","guid":{"rendered":"http:\/\/schmaehingen.info\/?page_id=1383"},"modified":"2022-10-22T17:38:17","modified_gmt":"2022-10-22T17:38:17","slug":"marienkirche","status":"publish","type":"page","link":"https:\/\/schmaehingen.info\/?page_id=1383","title":{"rendered":"Marienkirche"},"content":{"rendered":"<h1><b>Die Geschichte der Kirche in Schm\u00e4hingen<\/b><\/h1>\n<p align=\"JUSTIFY\"><span style=\"font-size: small;\">Die erste urkundliche Erw\u00e4hnung Schm\u00e4hingens findet sich im Fuldaer Traditionskodex, in dem die Schenkungen an das Kloster des heiligen Bonifatius zusammengestellt sind. Eine weitere Urkunde aus dem Jahr 1153 bezeugt, da\u00df Schm\u00e4hingen Sitz eines Pfarrers gewesen ist. 1236 wird der Ort als Sitz der Herren von Schm\u00e4hingen genannt, die zu den H\u00fcrnheimern im Lehens\u00ad verh\u00e4ltnis standen. Es ist nicht bekannt, was aus dem Geschlecht \u00bbderer von Schm\u00e4hingen\u00ab geworden ist. Im 14. Jahrhundert fiel das Lehen an die H\u00fcrnheimer zur\u00fcck. Mit dem sp\u00e4teren Verkauf von Hochhaus und Niederhaus kam Schm\u00e4hingen an die Grafen von Oettingen, durch weiteren Verkauf von Niederhaus 1709 zur H\u00e4lfte an den Deutschen Orden und schlie\u00dflich 1806 an Bayern.<\/span><\/p>\n<p align=\"JUSTIFY\"><span style=\"font-size: small;\">Die Einf\u00fchrung der Reformation konnte erst 1557 erfolgen, da die Herren von H\u00fcrnheim-Haheltingen erbitterten Widerstand leisteten. Der evangelische Graf Ludwig XY. von Oettingen mu\u00dfte schlie\u00dflich die versperrte Kirchent\u00fcr aufbrechen lassen, da der H\u00fcrnheimer Vogt von Niederhaus den Schl\u00fcssel nicht freiwillig herausgeben wollte.<\/span><\/p>\n<p align=\"JUSTIFY\"><span style=\"font-size: small;\">Schwere St\u00fcrme erlebte das Dorf im Drei\u00dfigj\u00e4hrigen Krieg. So berichtet der Hohenaltheimer Pfarrer Matthias Pauli als Zeitzeuge im Schm\u00e4hinger Pfarrbuch: <i>\u00bbDas Dorf Schm\u00e4hingen ist <\/i>1634 <i>in der Belagerung der Stadt N\u00e4rdlingen von den Spanischen weit \u00fcber den halben Teil zu ihrem Lager abgetragen und dann verbrannt worden, darauf in der gro\u00dfen Theurung mehrenteils verdorben und gestorben. Hab also anno <\/i>1636 <i>derselben wenig mehr gefunden, sonder\u00ad lich unter den jungen Leuten\u00ab. <\/i>Auch das Pfarrhaus wurde einge\u00e4schert. Das Dorf hatte fast aufgeh\u00f6rt zu bestehen.<\/span><\/p>\n<p align=\"JUSTIFY\"><span style=\"font-size: small;\">Erst hundert Jahre sp\u00e4ter, Mitte des 18. Jahrhunderts, konnte die Kirche wieder zu einem Schmuckst\u00fcck ausgestaltet werden, so wie sie sich heute dem Besucher in ihrer barocken Ausstattung zeigt.<\/span><\/p>\n<p align=\"JUSTIFY\"><span style=\"font-size: small;\">Die bedeutendste Pers\u00f6nlichkeit, die Schm\u00e4hingen hervorgebracht hat, ist Reichsrat Dr. Adolf Ritter von St\u00e4hlin. Am 27. Oktober 1823 als Sohn des damaligen Pfarrers Martin St\u00e4hlin geboren, wurde er am 27 . Januar 1883 zum Pr\u00e4sidenten des K\u00f6niglich Protestantischen Oberkonsistoriums in M\u00fcnchen ernannt und hatte damit die h\u00f6chste Position unserer Bayerischen Landeskirche inne. Die St\u00e4hlinstra\u00dfe, die mitten durch das Dorf f\u00fchrt, erinnert bis heute an ihn.<\/span><\/p>\n\n\n<div class=\"wp-block-image\"><figure class=\"aligncenter size-large is-resized\"><img loading=\"lazy\" decoding=\"async\" src=\"https:\/\/schmaehingen.info\/wp-content\/uploads\/2022\/10\/Kirche-2.jpg\" alt=\"\" class=\"wp-image-1397\" width=\"178\" height=\"238\" srcset=\"https:\/\/schmaehingen.info\/wp-content\/uploads\/2022\/10\/Kirche-2.jpg 254w, https:\/\/schmaehingen.info\/wp-content\/uploads\/2022\/10\/Kirche-2-224x300.jpg 224w\" sizes=\"auto, (max-width: 178px) 100vw, 178px\" \/><\/figure><\/div>\n\n\n<h1><strong>Architektur und Ausgestaltung der Marienkirche<\/strong><\/h1>\n<p align=\"JUSTIFY\"><span style=\"font-size: small;\">\u00dcber die Erbauung der Kirche, die wohl im 11. Jahrhundert anzu\u00ad setzen ist, kann nicht viel berichtet werden, da bei den drei Pfarrhausbr\u00e4nden 1634, 1683 und 1695 die Unterlagen vernichtet wurden. Urspr\u00fcnglich romanisch angelegt, wurde sie sp\u00e4ter (vielleicht nach einem Brand) gotisch umgestaltet. Als Schutzpatronin ist wohl <b>Maria <\/b>anzunehmen.<\/span><\/p>\n<p align=\"JUSTIFY\"><span style=\"font-size: small;\">Nach einem N\u00f6rdlinger Ratsprotokoll von 1436 hat der N\u00f6rdlinger Steinmetz Hannemann in den Jahren 1436-1438 Turm und Chor errichtet. Durch den Zimmermann Adam Muffert erhielt der Chor 1749 eine <b>Orgelempore, <\/b>in deren Tr\u00e4gerbalken das Wort aus dem 47. Psalm eingekerbt ist: <i>\u00bbGottj\u00e4hret aufmit Jauchzen und der Herr mit heller Posaune\u00ab. <\/i>Im selben Jahr wurde hier die erste <b>Orgel <\/b>ein\u00ad gebaut. Apostelbilder auf der Emporenbr\u00fcstung und ein barockes Sandsteinepitaph schm\u00fccken den gotischen Chorraum, der mit dem <b>Altar <\/b>und dem <b>Taufstein <\/b>wohl die \u00e4ltesten St\u00fccke der Kirche birgt.<\/span><\/p>\n\n\n<div class=\"wp-block-image\"><figure class=\"aligncenter size-large is-resized\"><img loading=\"lazy\" decoding=\"async\" src=\"https:\/\/schmaehingen.info\/wp-content\/uploads\/2022\/10\/Taufstein.jpg\" alt=\"\" class=\"wp-image-1398\" width=\"164\" height=\"239\" srcset=\"https:\/\/schmaehingen.info\/wp-content\/uploads\/2022\/10\/Taufstein.jpg 227w, https:\/\/schmaehingen.info\/wp-content\/uploads\/2022\/10\/Taufstein-206x300.jpg 206w\" sizes=\"auto, (max-width: 164px) 100vw, 164px\" \/><\/figure><\/div>\n\n\n<p align=\"JUSTIFY\"><span style=\"font-size: small;\">Bei der 1921 durchgef\u00fchrten Innenrestaurierung wurden von dem M\u00fcnchner Maler August Prieser zwei gro\u00dfe <b>Deckengem\u00e4lde <\/b>geschaffen, die den Kreuzestod und die Auferstehung des Herrn verk\u00fcndigen. Im Jahr 1951 wurden kleine Ver\u00e4nderungen vorgenommen, wodurch Chorraum und Langhaus viel gewonnen haben: Ein wertvoller <b>Kruzifixus <\/b>aus dem Ende des 15. Jahrhunderts, der bisher unbeachtet an der seitlichen Chorwand hing, hat nach Freilegung der alten Fassung nunmehr seinen Platz auf dem alten Steinaltar gefunden. Drei holz geschnitzte <b>Heiligenfiguren, <\/b>Maria, Ursula und Cordula, aus der Zeit um 1460, die auf der Westempore aufgestellt waren und kaum gesehen wurden, fallen jetzt, an der Nordwand des Schiffes angebracht, dem Besucher der Kirche sofort ins Auge. Ihnen gegen\u00fcber h\u00e4ngen zwei lebensgro\u00dfe <b>\u00d6lbilder <\/b>von Paulus und Luther.<\/span><\/p>\n\n\n<div class=\"wp-block-image\"><figure class=\"alignleft size-large\"><img loading=\"lazy\" decoding=\"async\" width=\"227\" height=\"312\" src=\"https:\/\/schmaehingen.info\/wp-content\/uploads\/2022\/10\/Decke1-2.jpg\" alt=\"\" class=\"wp-image-1399\" srcset=\"https:\/\/schmaehingen.info\/wp-content\/uploads\/2022\/10\/Decke1-2.jpg 227w, https:\/\/schmaehingen.info\/wp-content\/uploads\/2022\/10\/Decke1-2-218x300.jpg 218w\" sizes=\"auto, (max-width: 227px) 100vw, 227px\" \/><\/figure><\/div>\n\n\n\n<div class=\"wp-block-image\"><figure class=\"alignright size-large\"><img loading=\"lazy\" decoding=\"async\" width=\"227\" height=\"310\" src=\"https:\/\/schmaehingen.info\/wp-content\/uploads\/2022\/10\/Decke2.jpg\" alt=\"\" class=\"wp-image-1400\" srcset=\"https:\/\/schmaehingen.info\/wp-content\/uploads\/2022\/10\/Decke2.jpg 227w, https:\/\/schmaehingen.info\/wp-content\/uploads\/2022\/10\/Decke2-220x300.jpg 220w\" sizes=\"auto, (max-width: 227px) 100vw, 227px\" \/><\/figure><\/div>\n\n\n\n<p><\/p>\n\n\n\n<p><\/p>\n\n\n\n<p><\/p>\n\n\n\n<p><\/p>\n\n\n\n<p><\/p>\n\n\n<p align=\"JUSTIFY\"><span style=\"font-size: small;\">Im Zuge des Einbaus einer neuen zweimanualigen Orgel im historischen Geh\u00e4use wurde 1968 der Chor restauriert. Dabei stie\u00df man bei der Untersuchung des gesamten <b>Gew\u00f6lbes <\/b>auf gro\u00dffl\u00e4chige <b>Malereien <\/b>aus der Bauzeit des Turmes, die \u00fcber Jahrhunderte hin \u00fcbert\u00fcncht waren. Nach ihrer Freilegung und Konservierung erstrahlen sie wieder in den urspr\u00fcnglichen Farben. Sie zeigen die vier Evangelistensymbole: Engel, L\u00f6we, Stier und Adler. Auch an den Seitenw\u00e4nden mit den Schildb\u00f6gen zwischen den Gew\u00f6lben sind Bilder aus der biblischen Geschichte zum Vorschein gekommen. Letztere konnten erst sieben Jahre sp\u00e4ter bei der Innenrenovierung des Kirchenschiffes restauriert werden. Die Regierung von Schwaben stellte anl\u00e4\u00dflich des Denkmalschutzjahres 1975 der Kirchengemeinde f\u00fcr diese gelungene Instandsetzungsarbeit eine Urkunde aus.<\/span><\/p>\n<p align=\"JUSTIFY\"><span style=\"font-size: small;\">Ein besonderes Augen- und \u00bbOhren\u00ab-merk verdient die Schm\u00e4hinger <b>Orgel! <\/b>Allein schon der Standort im Chorraum \u00fcber dem Altar verleiht ihr besonderes Gewicht. Als vor rund 250 Jahren der Chorraum in festlich barocker Weise ausgestaltet wurde, war den Erbauern eine einmalige Komposition zum Lobe Gottes gelungen. F\u00fcr den Gottesdienstbesucher vereinen sich alle Elemente der Verk\u00fcndigung vor seinen Augen zu einem harmonischen Ganzen: Taufstein, Altar, Kanzel und Orgel liegen im Blickfeld des Betrachters.<\/span><\/p>\n\n\n<div class=\"wp-block-image\"><figure class=\"aligncenter size-large is-resized\"><img loading=\"lazy\" decoding=\"async\" src=\"https:\/\/schmaehingen.info\/wp-content\/uploads\/2022\/10\/Chorraum-2.jpg\" alt=\"\" class=\"wp-image-1402\" width=\"206\" height=\"275\" srcset=\"https:\/\/schmaehingen.info\/wp-content\/uploads\/2022\/10\/Chorraum-2.jpg 284w, https:\/\/schmaehingen.info\/wp-content\/uploads\/2022\/10\/Chorraum-2-225x300.jpg 225w\" sizes=\"auto, (max-width: 206px) 100vw, 206px\" \/><\/figure><\/div>\n\n\n<p align=\"JUSTIFY\"><span style=\"font-size: small;\">Der Bedeutung dieses Kunstschatzes f\u00fcr die Schm\u00e4hinger Gemeinde ist es zu verdanken, da\u00df das originale Orgelgeh\u00e4use trotz vieler Umbauten am Orgelwerk selbst bis heute erhalten blieb. Als 1968 das \u00bbInnenleben\u00ab der Orgel erneuert werden mu\u00dfte, fand man wieder zu den Urspr\u00fcngen der Orgelbaukunst zur\u00fcck und ersetzte das st\u00f6ran\u00ad f\u00e4llige pneumatische Werk durch eine mechanische Schleifladenorgel mit 13 Registern. Damit begann in Schm\u00e4hingen die Reihe der nun schon zur Tradition gewordenen <b>Kirchenkonzerte, <\/b>bei denen auch der 1925 gegr\u00fcndete Posaunenchor regelm\u00e4\u00dfig mitwirkt. 1986 wurde die Orgel um 5 Register erweitert. Seither lassen sich auch gro\u00dfe Werke namhafter Komponisten &#8211; selbst Romantiker und Zeitgenossen &#8211; angemessen interpretieren. Bis zum Jubil\u00e4umsjahr 1999 soll die zweite Stufe der Erweiterung durchgef\u00fchrt sein, die dann die letzten klanglichen Defizite, vor allem im Pedal, ausgleicht.<\/span><\/p>\n<p align=\"JUSTIFY\"><span style=\"font-size: small;\">Nach dem 2. Weltkrieg wurde der <b>Friedhof <\/b>neu angelegt. Die ein\u00ad heitliche Gestaltung der Grabkreuze verleiht der Anlage, die von 1990-1993 saniert und nach Norden erweitert wurde, ein geschlos\u00ad senes Bild. Auch eine Aussegnungshalle, die sich stilistisch an klas\u00ad sische Formen der Baukunst anlehnt, konnte durch viel Eigeninitiative der Schm\u00e4hinger B\u00fcrger 1992 errichtet werden. Nach S\u00fcden abgest\u00fctzt wird der Friedhof von der gewaltigen Umfassungsmauer aus dem 18. Jahrhundert, die die Kirche wie eine Burg erscheinen l\u00e4\u00dft.<\/span><\/p>\n\n\n<div class=\"wp-block-image\"><figure class=\"aligncenter size-large\"><img loading=\"lazy\" decoding=\"async\" width=\"340\" height=\"254\" src=\"https:\/\/schmaehingen.info\/wp-content\/uploads\/2022\/10\/Kirchenschiff-1.jpg\" alt=\"\" class=\"wp-image-1404\" srcset=\"https:\/\/schmaehingen.info\/wp-content\/uploads\/2022\/10\/Kirchenschiff-1.jpg 340w, https:\/\/schmaehingen.info\/wp-content\/uploads\/2022\/10\/Kirchenschiff-1-300x224.jpg 300w\" sizes=\"auto, (max-width: 340px) 100vw, 340px\" \/><\/figure><\/div>\n","protected":false},"excerpt":{"rendered":"<p>Die Geschichte der Kirche in Schm\u00e4hingen Die erste urkundliche Erw\u00e4hnung Schm\u00e4hingens findet sich im Fuldaer Traditionskodex, in dem die Schenkungen an das Kloster des heiligen Bonifatius zusammengestellt sind. Eine weitere Urkunde aus dem Jahr 1153 bezeugt, da\u00df Schm\u00e4hingen Sitz eines Pfarrers gewesen ist. 1236 wird der Ort als Sitz der Herren von Schm\u00e4hingen genannt, die &hellip; <\/p>\n<p class=\"link-more\"><a href=\"https:\/\/schmaehingen.info\/?page_id=1383\" class=\"more-link\"><span class=\"screen-reader-text\">\u201eMarienkirche\u201c<\/span> weiterlesen<\/a><\/p>\n","protected":false},"author":1,"featured_media":0,"parent":0,"menu_order":0,"comment_status":"closed","ping_status":"closed","template":"","meta":{"ngg_post_thumbnail":0,"footnotes":""},"class_list":["post-1383","page","type-page","status-publish","hentry"],"_links":{"self":[{"href":"https:\/\/schmaehingen.info\/index.php?rest_route=\/wp\/v2\/pages\/1383","targetHints":{"allow":["GET"]}}],"collection":[{"href":"https:\/\/schmaehingen.info\/index.php?rest_route=\/wp\/v2\/pages"}],"about":[{"href":"https:\/\/schmaehingen.info\/index.php?rest_route=\/wp\/v2\/types\/page"}],"author":[{"embeddable":true,"href":"https:\/\/schmaehingen.info\/index.php?rest_route=\/wp\/v2\/users\/1"}],"replies":[{"embeddable":true,"href":"https:\/\/schmaehingen.info\/index.php?rest_route=%2Fwp%2Fv2%2Fcomments&post=1383"}],"version-history":[{"count":6,"href":"https:\/\/schmaehingen.info\/index.php?rest_route=\/wp\/v2\/pages\/1383\/revisions"}],"predecessor-version":[{"id":1431,"href":"https:\/\/schmaehingen.info\/index.php?rest_route=\/wp\/v2\/pages\/1383\/revisions\/1431"}],"wp:attachment":[{"href":"https:\/\/schmaehingen.info\/index.php?rest_route=%2Fwp%2Fv2%2Fmedia&parent=1383"}],"curies":[{"name":"wp","href":"https:\/\/api.w.org\/{rel}","templated":true}]}}